{"id":2244,"date":"2021-08-26T09:28:23","date_gmt":"2021-08-26T07:28:23","guid":{"rendered":"http:\/\/www.cwop.org\/?page_id=2244"},"modified":"2023-07-07T12:09:33","modified_gmt":"2023-07-07T10:09:33","slug":"nye-casinoer","status":"publish","type":"page","link":"http:\/\/www.cwop.org\/da\/","title":{"rendered":"Nyeste online casinoer i Danmark i 2023"},"content":{"rendered":"\n<p>Du kender sikkert f\u00f8lelsen af at have spillet lidt for l\u00e6nge p\u00e5 et eller flere danske online casinoer. Man kan ende med at blive lidt tr\u00e6t af det samme spiludbud og det samme design, n\u00e5r man dag ud og dag ind frekventerer de samme casinoer. Nogle gange savner man bare forandring, m\u00e5ske i form af en ny brugerflader, nye bonusser, nye spil eller nyt design.<\/p>\n\n\n\n<figure class=\"wp-block-image size-large\"><img loading=\"lazy\" width=\"860\" height=\"317\" src=\"http:\/\/www.cwop.org\/wp-content\/uploads\/2021\/08\/Evospin.jpg\" alt=\"\" class=\"wp-image-2263\" srcset=\"http:\/\/www.cwop.org\/wp-content\/uploads\/2021\/08\/Evospin.jpg 860w, http:\/\/www.cwop.org\/wp-content\/uploads\/2021\/08\/Evospin-300x111.jpg 300w, http:\/\/www.cwop.org\/wp-content\/uploads\/2021\/08\/Evospin-768x283.jpg 768w\" sizes=\"(max-width: 860px) 100vw, 860px\" \/><\/figure>\n\n\n\n<p>Men kunsten at finde et nyt casino at spille p\u00e5 kan faktisk v\u00e6re sv\u00e6rt. Oftest bliver man via s\u00f8gninger ledt rundt til de samme casinoer om og om igen, s\u00e5 man hele tiden ender i en blindgyde. Men det stopper her. Med denne her guide giver dig en bagindgang til de nyeste casinoer i Danmark og et indblik i hvad der venter af is\u00e6r bonusser forude. L\u00e6s med og bliv inspireret, s\u00e5ledes at du m\u00e5ske finder dit nye danske casino her.<\/p>\n\n\n\n<p>Er du p\u00e5 udkig efter et nyt udenlandsk casino? Find det nyeste <a href=\"https:\/\/spiludenomrofus.casino\/uden-dansk-licens\/\">online casino uden dansk licens<\/a>!<\/p>\n\n\n\n<h2><strong>Masser fede nye bonusser i vente<\/strong><strong><\/strong><\/h2>\n\n\n\n<p>De nyeste online casinoer i Danmark g\u00f8r et stort nummer ud af at skabe attraktive bonusser for at hive nye spillere ind. De mere etablerede casinoer hviler m\u00e5ske lidt mere p\u00e5 laurb\u00e6rene fordi de&nbsp; allerede har oparbejdet sig en solid spiller-skare. Derfor kan man som spiller lukrere stort p\u00e5 de nyeste casinoers bonusser, som bare oftest er en anelse bedre og mere fordelagtige end andre casinoers. F\u00f8lgende nedenst\u00e5ende bonusser kan man typisk forvente p\u00e5 de nyeste online casinoer i Danmark.<\/p>\n\n\n\n<figure class=\"wp-block-image size-large\"><img loading=\"lazy\" width=\"860\" height=\"511\" src=\"http:\/\/www.cwop.org\/wp-content\/uploads\/2021\/08\/Gslot-promotions.jpg\" alt=\"Gslot-promotions\" class=\"wp-image-2260\" srcset=\"http:\/\/www.cwop.org\/wp-content\/uploads\/2021\/08\/Gslot-promotions.jpg 860w, http:\/\/www.cwop.org\/wp-content\/uploads\/2021\/08\/Gslot-promotions-300x178.jpg 300w, http:\/\/www.cwop.org\/wp-content\/uploads\/2021\/08\/Gslot-promotions-768x456.jpg 768w\" sizes=\"(max-width: 860px) 100vw, 860px\" \/><\/figure>\n\n\n\n<h2><strong>Cashback bonusser<\/strong><strong><\/strong><\/h2>\n\n\n\n<p>En ret ny men efterh\u00e5nden super attraktiv bonus, hvor man spiller f\u00e5r dele af sit tab tilbage p\u00e5 det p\u00e5g\u00e6ldende online casino. Der er oftest tale om tilbagebetaling af nettotab p\u00e5 op til cirka 20% visse steder. Bonussen fungerer p\u00e5 den m\u00e5de at man indbetaler eksempelvis 1000 kroner, som berettiger sig til bonussen. <\/p>\n\n\n\n<figure class=\"wp-block-image size-large\"><img loading=\"lazy\" width=\"860\" height=\"582\" src=\"http:\/\/www.cwop.org\/wp-content\/uploads\/2021\/08\/KingBilly-Casino-cashback.jpg\" alt=\"KingBilly Casino - cashback\" class=\"wp-image-2256\" srcset=\"http:\/\/www.cwop.org\/wp-content\/uploads\/2021\/08\/KingBilly-Casino-cashback.jpg 860w, http:\/\/www.cwop.org\/wp-content\/uploads\/2021\/08\/KingBilly-Casino-cashback-300x203.jpg 300w, http:\/\/www.cwop.org\/wp-content\/uploads\/2021\/08\/KingBilly-Casino-cashback-768x520.jpg 768w\" sizes=\"(max-width: 860px) 100vw, 860px\" \/><\/figure>\n\n\n\n<p>Skulle man ende med at tabe samtlige 1000 kroner henover en kaldenderuge fra mandag til s\u00f8ndag vil man alligevel ikke g\u00e5 helt tomh\u00e6ndet hjem. Der vil i s\u00e5 fald blive tilbagebetalt 200 kroner af de 1000 tabte kroner i forbindelse med cashback-bonussen, hvis cashback bonussen er p\u00e5 20%. Er der tale om en cash back bonus p\u00e5 10% eller 15% vil man ved et 1000 kroners tab f\u00e5 henholdsvis 100 kroner og 150 kroner igen.<\/p>\n\n\n\n<h2><strong>Cash free spins<\/strong><strong><\/strong><\/h2>\n\n\n\n<p>Endnu et nyt og meget attraktivt bonustilbud. Cash free spins er gratis spins uden nogen form for gennemspilskrav. Du f\u00e5r alts\u00e5 her muligheden for at opn\u00e5 gratis spins uden at du eksempelvis skal gennemspille dem 10, 20, 30 eller 40 gange, f\u00f8r du kan udbetale gevinster vundet p\u00e5 disse. LeoVegas tilbyder eksempelvis lige nu 10 cash free spins mens Tivoli Casino flotter sig med 50 cash free spins.<\/p>\n\n\n\n<h2><strong>Velkomstbonusser uden krav om indbetaling<\/strong><strong><\/strong><\/h2>\n\n\n\n<p>Siden den danske spillemyndighed \u00e6ndrede reglerne for sportsbetting- og casinobonusser er der i den grad sket noget med casinoernes bonus-udbud. Det kan godt v\u00e6re at der er blevet sat et lidt tarveligt loft p\u00e5 1000 kroner for alle indbetalingsbonusser, men til geng\u00e6ld har det aff\u00f8dt en masse innovative velkomstbonusser, hvor du slet skal indbetale noget selv. <\/p>\n\n\n\n<figure class=\"wp-block-image size-large\"><img loading=\"lazy\" width=\"860\" height=\"496\" src=\"http:\/\/www.cwop.org\/wp-content\/uploads\/2021\/08\/evospin-velkomstbonusser.jpg\" alt=\"evospin - velkomstbonusser\" class=\"wp-image-2258\" srcset=\"http:\/\/www.cwop.org\/wp-content\/uploads\/2021\/08\/evospin-velkomstbonusser.jpg 860w, http:\/\/www.cwop.org\/wp-content\/uploads\/2021\/08\/evospin-velkomstbonusser-300x173.jpg 300w, http:\/\/www.cwop.org\/wp-content\/uploads\/2021\/08\/evospin-velkomstbonusser-768x443.jpg 768w\" sizes=\"(max-width: 860px) 100vw, 860px\" \/><\/figure>\n\n\n\n<p>Der er tale om en bonus, som bliver aktiveret udelukkende ved at spilleren registrerer sig p\u00e5 det p\u00e5g\u00e6ldende online casino. Denne bonusform har vundet enorm popularitet blandt de danske spillere, fordi det er t\u00e6t p\u00e5 at v\u00e6re en helt gratis bonus. Og selvf\u00f8lgelig er det de nyere online casinoer som g\u00f8r brug af disse bonusser, fordi de netop batter blandt de danske spillere p\u00e5 markedet lige nu. Spillehallen.dk opererer lige nu med en bonus p\u00e5 75 kroner for registrering.<\/p>\n\n\n\n<h2><strong>Nye online casino bonusser for danske spillere p\u00e5 internationale casinoer<\/strong><strong><\/strong><\/h2>\n\n\n\n<p>Det er ikke kun i Danmark at der spirer nyeste online casinoer frem. Der dukker faktisk endnu flere internationale casinoer op p\u00e5 den store internationale spillescene hver m\u00e5ned. Det er is\u00e6r kasinoer med licens p\u00e5 Malta og Curacao som pibler frem og g\u00f8r sig til for b\u00e5de udenlandske og danske spillere. <\/p>\n\n\n\n<p>Malta-licenserede og Curacao-licenserede online casinoer har ingen forpligtelser overfor den danske spillelovgivning og er derfor heller ikke ramt af de samme restriktioner p\u00e5 bonus-udbuddet. Her kan du derfor hente vildt store indbetalingsbonusser med bel\u00f8bslofter p\u00e5 op mod 3000-4000 kroner og visse steder VIP-bonusser p\u00e5 op til 7000 kroner. Det sker blandt andet p\u00e5 nye online casinoer som Cocos Casino, GSlot Casino og Savarona Casino.<\/p>\n\n\n\n<p>L\u00e6s mere: <a href=\"http:\/\/www.cwop.org\/da\/casino-uden-rofus\/\">Derfor V\u00e6lger Mange Danskere At Spille Casino Uden Om ROFUS<\/a>, <a href=\"http:\/\/www.cwop.org\/da\/netent\/\">De Bedste NetEnt Spillemaskiner At Spille P\u00e5 Udenlandske Casinoer<\/a>.<\/p>\n\n\n\n<h2><strong>Hvordan v\u00e6lger man det bedste online casino?<\/strong><\/h2>\n\n\n\n<p><strong>1. Omd\u00f8mme.<\/strong>&nbsp;<\/p>\n\n\n\n<p>F\u00f8r du v\u00e6lger et online casino, er det vigtigt at sikre sig, at siden er velrenommeret og p\u00e5lidelig. Foretag nogle unders\u00f8gelser om casinoet og se efter anmeldelser fra andre spillere, der tidligere har v\u00e6ret medlemmer af siden. Tjek, om kasinoet er reguleret og licenseret af anerkendte spillemyndigheder.<\/p>\n\n\n\n<p><strong>2. Spilvalg.<\/strong>&nbsp;<\/p>\n\n\n\n<p>Hver spiller har deres egne pr\u00e6ferencer, n\u00e5r det kommer til online casinospil, s\u00e5 det er vigtigt at v\u00e6lge et casino, der tilbyder et bredt udvalg af dem. Overvej om siden tilbyder spil s\u00e5som slots, bordspil og live dealer-spil. Tjek ogs\u00e5, om casinoet tilbyder variation i form af spilvariationer, indsatsgr\u00e6nser og andre funktioner.<\/p>\n\n\n\n<p><strong>3. Bankmuligheder.<\/strong>&nbsp;<\/p>\n\n\n\n<p>De fleste websteder tilbyder en r\u00e6kke forskellige betalingsmetoder, herunder kreditkort, debetkort, e-wallets og bankoverf\u00f8rsler. Tjek om casinoet ogs\u00e5 tilbyder bonusser eller bel\u00f8nninger for at bruge visse bankmetoder.<\/p>\n\n\n\n<p><strong>4. Bonusser og bel\u00f8nninger.<\/strong>&nbsp;<\/p>\n\n\n\n<p>Mange online casinoer tilbyder deres spillere forskellige bonusser og bel\u00f8nninger, s\u00e5som velkomstbonusser, loyalitetsbonusser eller bonuskoder til s\u00e6rlige begivenheder. S\u00f8rg dog for at l\u00e6se de vilk\u00e5r og betingelser, der f\u00f8lger med disse bonusser, for at sikre, at du forst\u00e5r reglerne.<\/p>\n","protected":false},"excerpt":{"rendered":"<p>Du kender sikkert f\u00f8lelsen af at have spillet lidt for l\u00e6nge p\u00e5 et eller flere danske online casinoer. Man kan ende med at blive lidt tr\u00e6t af det samme spiludbud og det samme design, n\u00e5r man dag ud og dag ind frekventerer de samme casinoer. Nogle gange savner man bare forandring, m\u00e5ske i form af &hellip;<\/p>\n<p class=\"read-more\"> <a class=\"\" href=\"http:\/\/www.cwop.org\/da\/\"> <span class=\"screen-reader-text\">Nyeste online casinoer i Danmark i 2023<\/span> L\u00e6s mere &raquo;<\/a><\/p>\n","protected":false},"author":1,"featured_media":0,"parent":0,"menu_order":0,"comment_status":"closed","ping_status":"closed","template":"","meta":[],"yoast_head":"<!-- This site is optimized with the Yoast SEO plugin v14.9 - https:\/\/yoast.com\/wordpress\/plugins\/seo\/ -->\n<title>Nye Casinoer i Danmark - Nyeste Danske Online Casinoer i 2026<\/title>\n<meta name=\"description\" content=\"Find de nyeste danske casinoer i 2026 her og blive guidet frem til de bedste bonusser p\u00e5 det hjemlige og internationale spillemarked\" \/>\n<meta name=\"robots\" content=\"index, follow, max-snippet:-1, max-image-preview:large, max-video-preview:-1\" \/>\n<link rel=\"canonical\" href=\"http:\/\/www.cwop.org\/da\/\" \/>\n<meta property=\"og:locale\" content=\"da_DK\" \/>\n<meta property=\"og:type\" content=\"article\" \/>\n<meta property=\"og:title\" content=\"Nye Casinoer i Danmark - Nyeste Danske Online Casinoer i 2026\" \/>\n<meta property=\"og:description\" content=\"Find de nyeste danske casinoer i 2026 her og blive guidet frem til de bedste bonusser p\u00e5 det hjemlige og internationale spillemarked\" \/>\n<meta property=\"og:url\" content=\"http:\/\/www.cwop.org\/da\/\" \/>\n<meta property=\"og:site_name\" content=\"Den svenska spelmarknaden - Lista med b\u00e4sta spelbolagen\" \/>\n<meta property=\"article:modified_time\" content=\"2023-07-07T10:09:33+00:00\" \/>\n<meta property=\"og:image\" content=\"http:\/\/www.cwop.org\/wp-content\/uploads\/2021\/08\/Evospin.jpg\" \/>\n<meta name=\"twitter:card\" content=\"summary_large_image\" \/>\n<script type=\"application\/ld+json\" class=\"yoast-schema-graph\">{\"@context\":\"https:\/\/schema.org\",\"@graph\":[{\"@type\":\"WebSite\",\"@id\":\"http:\/\/www.cwop.org\/da\/#website\",\"url\":\"http:\/\/www.cwop.org\/da\/\",\"name\":\"Den svenska spelmarknaden - Lista med b\\u00e4sta spelbolagen\",\"description\":\"\\u00c4ven om det finns idag ungef\\u00e4r 100+ svenskspr\\u00e5kiga spelsidor online, f\\u00f6r n\\u00e4stan varje t\\u00e4nkbart \\u00f6nskem\\u00e5l, st\\u00e5r inte mer \\u00e4n 10 individuella casinon p\\u00e5 n\\u00e4tet f\\u00f6r kring 85% av oms\\u00e4ttningen p\\u00e5 den svenska spelmarknaden, och dessa producerar (uppskattningsvis) flera miljarder kronor i vinster per m\\u00e5nad.\",\"potentialAction\":[{\"@type\":\"SearchAction\",\"target\":\"http:\/\/www.cwop.org\/da\/?s={search_term_string}\",\"query-input\":\"required name=search_term_string\"}],\"inLanguage\":\"da-DK\"},{\"@type\":\"ImageObject\",\"@id\":\"http:\/\/www.cwop.org\/da\/#primaryimage\",\"inLanguage\":\"da-DK\",\"url\":\"http:\/\/www.cwop.org\/wp-content\/uploads\/2021\/08\/Evospin.jpg\",\"width\":860,\"height\":317},{\"@type\":\"WebPage\",\"@id\":\"http:\/\/www.cwop.org\/da\/#webpage\",\"url\":\"http:\/\/www.cwop.org\/da\/\",\"name\":\"Nye Casinoer i Danmark - Nyeste Danske Online Casinoer i 2026\",\"isPartOf\":{\"@id\":\"http:\/\/www.cwop.org\/da\/#website\"},\"primaryImageOfPage\":{\"@id\":\"http:\/\/www.cwop.org\/da\/#primaryimage\"},\"datePublished\":\"2021-08-26T07:28:23+00:00\",\"dateModified\":\"2023-07-07T10:09:33+00:00\",\"description\":\"Find de nyeste danske casinoer i 2026 her og blive guidet frem til de bedste bonusser p\\u00e5 det hjemlige og internationale spillemarked\",\"inLanguage\":\"da-DK\",\"potentialAction\":[{\"@type\":\"ReadAction\",\"target\":[\"http:\/\/www.cwop.org\/da\/\"]}]}]}<\/script>\n<!-- \/ Yoast SEO plugin. -->","_links":{"self":[{"href":"http:\/\/www.cwop.org\/da\/wp-json\/wp\/v2\/pages\/2244"}],"collection":[{"href":"http:\/\/www.cwop.org\/da\/wp-json\/wp\/v2\/pages"}],"about":[{"href":"http:\/\/www.cwop.org\/da\/wp-json\/wp\/v2\/types\/page"}],"author":[{"embeddable":true,"href":"http:\/\/www.cwop.org\/da\/wp-json\/wp\/v2\/users\/1"}],"replies":[{"embeddable":true,"href":"http:\/\/www.cwop.org\/da\/wp-json\/wp\/v2\/comments?post=2244"}],"version-history":[{"count":9,"href":"http:\/\/www.cwop.org\/da\/wp-json\/wp\/v2\/pages\/2244\/revisions"}],"predecessor-version":[{"id":2390,"href":"http:\/\/www.cwop.org\/da\/wp-json\/wp\/v2\/pages\/2244\/revisions\/2390"}],"wp:attachment":[{"href":"http:\/\/www.cwop.org\/da\/wp-json\/wp\/v2\/media?parent=2244"}],"curies":[{"name":"wp","href":"https:\/\/api.w.org\/{rel}","templated":true}]}}