{"id":2295,"date":"2021-12-02T14:25:12","date_gmt":"2021-12-02T13:25:12","guid":{"rendered":"http:\/\/www.cwop.org\/?page_id=2295"},"modified":"2023-07-07T12:08:38","modified_gmt":"2023-07-07T10:08:38","slug":"casino-online","status":"publish","type":"page","link":"http:\/\/www.cwop.org\/it\/","title":{"rendered":"SCOPRI I MIGLIORI CASIN\u00d2 IN SVIZZERA"},"content":{"rendered":"\n<h6><strong>Il meglio dei casin\u00f2 locali ed internazionali che accettano giocatori elvetici<\/strong><\/h6>\n\n\n\n<p>I giocatori svizzeri alla ricerca di un`elenco dei migliori siti di gioco d&#8217;azzardo sono atterrati nel posto giusto! Abbiamo creato questa pagina per aiutare i residenti in Svizzera ad individuare i migliori siti di gioco d&#8217;azzardo online dove ottenere bonus generosi, accedere ad un`ampia selezione di giochi e vivere un`esperienza di gioco strabiliante!<\/p>\n\n\n\n<!--more-->\n\n\n\n<p>Di seguito, vogliamo fornirti anzittutto qualche chiarimento su come effettivamente abbiamo selezionato la nostra lista dei migliori siti di gioco d&#8217;azzardo svizzeri. Ebbene, il nostro processo di selezione \u00e8 molto dettagliato con l&#8217;obiettivo primario di individuare esclusivamente le opzioni migliori e pi\u00f9 affidabili per i giocatori svizzeri. La cosa pi\u00f9 importante quando si tratta di siti di gioco d&#8217;azzardo in Svizzera \u00e8 la tua sicurezza. <\/p>\n\n\n\n<p>Trova i migliori casin\u00f2 online in Svizzera: <a href=\"https:\/\/casinosvizzera.online\">casinosvizzera.online<\/a><\/p>\n\n\n\n<figure class=\"wp-block-image size-large\"><img loading=\"lazy\" width=\"1000\" height=\"325\" src=\"http:\/\/www.cwop.org\/wp-content\/uploads\/2021\/12\/Jackpots.ch_.jpg\" alt=\"Jackpots.ch\" class=\"wp-image-2304\" srcset=\"http:\/\/www.cwop.org\/wp-content\/uploads\/2021\/12\/Jackpots.ch_.jpg 1000w, http:\/\/www.cwop.org\/wp-content\/uploads\/2021\/12\/Jackpots.ch_-300x98.jpg 300w, http:\/\/www.cwop.org\/wp-content\/uploads\/2021\/12\/Jackpots.ch_-768x250.jpg 768w\" sizes=\"(max-width: 1000px) 100vw, 1000px\" \/><\/figure>\n\n\n\n<p>Pertanto valutiamo la presenza di lamentele online sull`operato dei siti, i metodi di pagamento disponibili, il servizio clienti ed i tempi relativi ai prelievi delle vincite. Dopo aver individuato gli operatori che riflettano alti standard di sicurezza e transparenza finanziaria, consideriamo altri fattori, tra i quali, le offerte promozionali disponibili, il programma VIP per gli iscritti, la presenza di una versione mobile del sito (ed eventualmente di un APP), l`interfaccia grafica, le software houses produttrici dei giochi ed ovviamente il palinsesto di titoli disponibili.<\/p>\n\n\n\n<p>Per saperne di pi\u00f9: <a href=\"http:\/\/www.cwop.org\/it\/slot-supereroi\/\">LE MIGLIORI SLOT ISPIRATE AI SUPEREROI<\/a>.<\/p>\n\n\n\n<h2>Come scegliere il miglior casin\u00f2 online?<\/h2>\n\n\n\n<ul><li><strong>Reputazione.&nbsp;<\/strong><\/li><\/ul>\n\n\n\n<p>Prima di selezionare un casin\u00f2 online, \u00e8 importante assicurarsi che il sito sia rispettabile e affidabile. Fai qualche ricerca sul casin\u00f2 e cerca le recensioni di altri giocatori che sono stati membri del sito in passato. Controlla se il casin\u00f2 \u00e8 regolamentato e concesso in licenza da autorit\u00e0 di gioco riconosciute.<\/p>\n\n\n\n<ul><li><strong>Selezione del gioco.&nbsp;<\/strong><\/li><\/ul>\n\n\n\n<p>Ogni giocatore ha le proprie preferenze quando si tratta di giochi da casin\u00f2 online, quindi \u00e8 importante scegliere un casin\u00f2 che ne offra un&#8217;ampia selezione. Considerate se il sito offre giochi come slot, giochi da tavolo e giochi con croupier dal vivo. Inoltre, controlla se il casin\u00f2 offre variet\u00e0 in termini di varianti di gioco, limiti di puntata e altre caratteristiche.<\/p>\n\n\n\n<ul><li><strong>Opzioni bancarie.&nbsp;<\/strong><\/li><\/ul>\n\n\n\n<p>In genere i siti offrono diverse opzioni di pagamento, come carte di credito, carte di debito, portafogli elettronici e bonifici bancari. Controlla se il casin\u00f2 offre anche bonus o premi per l&#8217;utilizzo di determinati metodi bancari.<\/p>\n\n\n\n<ul><li><strong>Bonus e premi.&nbsp;<\/strong><\/li><\/ul>\n\n\n\n<p>Molti casin\u00f2 online offrono ai propri giocatori vari bonus e premi, come bonus di benvenuto, bonus fedelt\u00e0 o codici bonus per eventi speciali. Tuttavia, assicurati di leggere i termini e le condizioni forniti con questi bonus per assicurarti di aver compreso le regole.<\/p>\n\n\n\n<h2>Casin\u00f2 regolamentati o casin\u00f2 stranieri?<\/h2>\n\n\n\n<p>Ebbene, facciamo una prima differenza sostanziale. In Svizzera, vi sono operatori regolarmente autorizzati ad accettare giocatori svizzeri e che possiedono pertanto una licenza di gioco rilasciata dalle autorit\u00e0 governative. D`altro canto, vi sono anche operatori stranieri che accettano giocatori elvetici per il tramite di una licenza di gioco internazionale rilascita da giurisdizioni terze, come quella del Governo di Gibilterra o di Curacao.<\/p>\n\n\n\n<p>Tra i siti locali maggiormente popolari e sui quali vi garantiamo un divertimento davvero a 360 gradi, vi sono Jackpots.ch, MyCasino.ch, Swisscasino.ch e 7melons. Questi siti di gioco d`azzardo, oltre a proporre bonus generosi all`iscrizione, offrono un palinesto di titoli estremamente vario, includendo giochi slot, giochi di carte, giochi di tavolo, giochi jackpot ed intere sezioni dedicate ai giochi con croupier dal vivo. Insomma, se siete alla ricerca di siti sicuri, regolamentati e che offrano anche un sito ben strutturato con offerte promozionali esclusive, vi suggeriamo gli operatori succitati! Bada bene che tutti e quattro i siti sono gestiti e di propriet\u00e0 di casin\u00f2 terrestri, che hanno esteso la loro licenza di gioco anche all`online.<\/p>\n\n\n\n<p>Guarda la <a href=\"https:\/\/casinoonlinesvizzera.org\">lista con i migliori casin\u00f2 online in Svizzera nel 2023<\/a>.<\/p>\n\n\n\n<figure class=\"wp-block-image size-large\"><img loading=\"lazy\" width=\"1000\" height=\"348\" src=\"http:\/\/www.cwop.org\/wp-content\/uploads\/2021\/12\/Wildz.jpg\" alt=\"Wildz\" class=\"wp-image-2307\" srcset=\"http:\/\/www.cwop.org\/wp-content\/uploads\/2021\/12\/Wildz.jpg 1000w, http:\/\/www.cwop.org\/wp-content\/uploads\/2021\/12\/Wildz-300x104.jpg 300w, http:\/\/www.cwop.org\/wp-content\/uploads\/2021\/12\/Wildz-768x267.jpg 768w\" sizes=\"(max-width: 1000px) 100vw, 1000px\" \/><\/figure>\n\n\n\n<p>Come anticipato, oltre ai siti di gioco d`azzardo regolamentati ed autorizzati dalla Commissione Federale delle Case da Gioco (<em>CFMJ<\/em>), troviamo un`estesa selezione di brand stranieri che operano in Svizzera per il tramite di licenze di gioco internazionali. Molti di questi operatori si distinguono per bonus di benvenuto sorprendenti, giochi creati dalle migliori software houses internazionali ed un supporto clienti estremamente efficiente. <\/p>\n\n\n\n<p>Tra essi, troviamo sicuramente Wildz, Mr.Green, Casumo, William Hill, BetWay e Bwin. Una peculiarit\u00e0 dei brand stranieri operanti in Svizzera risulta una maggiore apertura in termini di massimali di vincita ed importi minimi di giocata. Al pari dei siti regolamentati, gli operatori internazionali propongono una lista di metodi di pagamento davvero estesa che include, tra gli altri, <em>MasterCard, Visa, Bonifico Bancario, Skrill, Neteller, PayPal, PaySafe<\/em> ed alcune tra <a href=\"http:\/\/www.cwop.org\/it\/casino-crypto\/\">le criptovalute maggiormente diffuse sul territorio europeo.<\/a><\/p>\n\n\n\n<p>Per saperne di pi\u00f9: <a href=\"http:\/\/www.cwop.org\/it\/slot-machine-con-frutta\/\">ECCO LE MIGLIORI SLOT MACHINES A TEMA FRUTTA<\/a>.<\/p>\n\n\n\n<h2>Chi offre il bonus di benvenuto maggiormente vantaggioso?<\/h2>\n\n\n\n<p>Anche qui la lotta risulta serrata! Abbiamo operatori locali con bonus estremamente vantaggiosi ed operatori stranieri che propongono bonus di ricarica davvero generosi. Se dovessimo discernere e fare una selezione ristretta, Jackpots.ch offre ad ogni nuovo iscritto un bonus addirittura sui primi quattro depositi sino ad un massimo ottenibile pari a 2.911 CHF! Il primo ed il quarto deposito sono del 100% sulla tua ricarica, mentre il secondo deposit del 50% ed il terzo risulta del 75% sul versamento effettuato. <\/p>\n\n\n\n<p>Offerte molto generose sono presenti anche su Mr. Green e Wildz. Entrambi, infatti, propongono sia un bonus in denaro che in giri gratuiti. Potrai, infatti, ottenere un bonus del 100% sulla tua prima ricarica e 200 giri gratuiti da fruire su slot predeterminate dall`operatore.<\/p>\n\n\n\n<h2>Quali operatori propongono i giochi migliori?<\/h2>\n\n\n\n<p>Quando si tratta di libreria di giochi online, la scelta risulta davvero imbarazzante. 7Melons Casino, ad esempio, propone centinaia di titoli suddivisi in diverse categorie. Potrai accedere alle diverse sezioni disponibili: Slots, Blackjack, Roulette, Video Poker, Baccarat, Craps, Poker,Giochi dal Vivo e tanto altro ancora&#8230;<\/p>\n\n\n\n<p>Se sei un fanatico del blackjact, allora devi assolutamente visitare il casin\u00f2 di Wildz. Gli appassionati di blackjack possono scegliere tra una raffinata selezione di giochi in cui l&#8217;obiettivo \u00e8 ottenere 21 punti utilizzando le carte fornite dal banco. Ci sono 43 diverse varianti su Wildz, comprese le versioni live.<\/p>\n\n\n\n<figure class=\"wp-block-image size-large\"><img loading=\"lazy\" width=\"1000\" height=\"463\" src=\"http:\/\/www.cwop.org\/wp-content\/uploads\/2021\/12\/mrgreen_promotions.jpg\" alt=\"MrGreen_promotions\" class=\"wp-image-2310\" srcset=\"http:\/\/www.cwop.org\/wp-content\/uploads\/2021\/12\/mrgreen_promotions.jpg 1000w, http:\/\/www.cwop.org\/wp-content\/uploads\/2021\/12\/mrgreen_promotions-300x139.jpg 300w, http:\/\/www.cwop.org\/wp-content\/uploads\/2021\/12\/mrgreen_promotions-768x356.jpg 768w\" sizes=\"(max-width: 1000px) 100vw, 1000px\" \/><\/figure>\n\n\n\n<p>Tutti i giochi degli operatori locali e stranieri che vi abbiamo raccomandato collaborano direttamente con le migliori case produttrici internazionali di giochi d`azzardo, tra le quali troviamo, tra le altre, <em>Playtech, NetEnt, Microgaming, EvolutionGaming, Novomatic, Yggdrasil, IGT, QuickSpin<\/em>.<\/p>\n\n\n\n<h2>Il supporto clienti come funziona? A chi affidarci?<\/h2>\n\n\n\n<p>Bene, uno degli aspetti certamente da non tralasciare nella valutazione degli operatori di gioco d`azzardo \u00e8 senza dubbi il servizio clienti. Un`assistenza professionale e funzionale alle richieste dei giocatori costituisce, a nostro parere, il biglietto da visita di un brand. Tra i siti selezionati, abbiamo riscontrato un servizio davvero efficiente da parte di Swisscasino.ch e WilliamHill. Entrambi i siti propongono una chat dal vivo disponibilie 24 ore su 24 ed un contatto email per richiedere delucidazioni od approfondimenti sul tuo conto di gioco.<\/p>\n\n\n\n<p>Va comunque precisato che i siti regolamentati (locali) offrono anche un`assistenza in lingua locale tramite contatto telefonico. Strumento di assistenza lacunoso tra gli operatori internazionali, a quali mettono a disposizione esclusivamente numeri di telefono internazionali e con supporto in lingua inglese.<\/p>\n\n\n\n<h2>Conclusioni<\/h2>\n\n\n\n<p>Non vogliamo intrattenervi ulteriormente! Speriamo vivamente che la nostra selezione vi abbia fornito gli strumenti essenziali per effettuare una scelta consapevole del vostro prossimo casin\u00f2 online. Accedete ad uno dei siti suggeriti e scopritene i relativi vantaggi. Come detto, si tratta di operatori estremamente affidabili con un rating molto positivo tra i giocatori elvetici. Non incorrerete in alcun rischio per intenderci. Insomma, a voi la scelta finale!<\/p>\n\n\n\n<p>Per saperne di pi\u00f9: I<a href=\"http:\/\/www.cwop.org\/it\/casino-stranieri\/\"> CASIN\u00d2 ONLINE OPERANTI IN SVIZZERA<\/a>.<\/p>\n","protected":false},"excerpt":{"rendered":"<p>Il meglio dei casin\u00f2 locali ed internazionali che accettano giocatori elvetici I giocatori svizzeri alla ricerca di un`elenco dei migliori siti di gioco d&#8217;azzardo sono atterrati nel posto giusto! Abbiamo creato questa pagina per aiutare i residenti in Svizzera ad individuare i migliori siti di gioco d&#8217;azzardo online dove ottenere bonus generosi, accedere ad un`ampia &hellip;<\/p>\n<p class=\"read-more\"> <a class=\"\" href=\"http:\/\/www.cwop.org\/it\/\"> <span class=\"screen-reader-text\">SCOPRI I MIGLIORI CASIN\u00d2 IN SVIZZERA<\/span> Leggi altro &raquo;<\/a><\/p>\n","protected":false},"author":1,"featured_media":0,"parent":0,"menu_order":0,"comment_status":"closed","ping_status":"closed","template":"","meta":[],"yoast_head":"<!-- This site is optimized with the Yoast SEO plugin v14.9 - https:\/\/yoast.com\/wordpress\/plugins\/seo\/ -->\n<title>Migliori Casin\u00f2 online in Svizzera del 2026<\/title>\n<meta name=\"description\" content=\"I giocatori svizzeri alla ricerca di un`elenco dei migliori siti di gioco d&#039;azzardo sono atterrati nel posto giusto! Abbiamo creato questa pagina per aiutare i residenti in Svizzera ad individuare i migliori siti di gioco d&#039;azzardo online dove ottenere bonus generosi, accedere ad un`ampia selezione di giochi e vivere un`esperienza di gioco strabiliante!\" \/>\n<meta name=\"robots\" content=\"index, follow, max-snippet:-1, max-image-preview:large, max-video-preview:-1\" \/>\n<link rel=\"canonical\" href=\"http:\/\/www.cwop.org\/it\/\" \/>\n<meta property=\"og:locale\" content=\"it_IT\" \/>\n<meta property=\"og:type\" content=\"article\" \/>\n<meta property=\"og:title\" content=\"Migliori Casin\u00f2 online in Svizzera del 2026\" \/>\n<meta property=\"og:description\" content=\"I giocatori svizzeri alla ricerca di un`elenco dei migliori siti di gioco d&#039;azzardo sono atterrati nel posto giusto! Abbiamo creato questa pagina per aiutare i residenti in Svizzera ad individuare i migliori siti di gioco d&#039;azzardo online dove ottenere bonus generosi, accedere ad un`ampia selezione di giochi e vivere un`esperienza di gioco strabiliante!\" \/>\n<meta property=\"og:url\" content=\"http:\/\/www.cwop.org\/it\/\" \/>\n<meta property=\"og:site_name\" content=\"Den svenska spelmarknaden - Lista med b\u00e4sta spelbolagen\" \/>\n<meta property=\"article:modified_time\" content=\"2023-07-07T10:08:38+00:00\" \/>\n<meta property=\"og:image\" content=\"http:\/\/www.cwop.org\/wp-content\/uploads\/2021\/12\/Jackpots.ch_.jpg\" \/>\n<meta name=\"twitter:card\" content=\"summary_large_image\" \/>\n<script type=\"application\/ld+json\" class=\"yoast-schema-graph\">{\"@context\":\"https:\/\/schema.org\",\"@graph\":[{\"@type\":\"WebSite\",\"@id\":\"http:\/\/www.cwop.org\/it\/#website\",\"url\":\"http:\/\/www.cwop.org\/it\/\",\"name\":\"Den svenska spelmarknaden - Lista med b\\u00e4sta spelbolagen\",\"description\":\"\\u00c4ven om det finns idag ungef\\u00e4r 100+ svenskspr\\u00e5kiga spelsidor online, f\\u00f6r n\\u00e4stan varje t\\u00e4nkbart \\u00f6nskem\\u00e5l, st\\u00e5r inte mer \\u00e4n 10 individuella casinon p\\u00e5 n\\u00e4tet f\\u00f6r kring 85% av oms\\u00e4ttningen p\\u00e5 den svenska spelmarknaden, och dessa producerar (uppskattningsvis) flera miljarder kronor i vinster per m\\u00e5nad.\",\"potentialAction\":[{\"@type\":\"SearchAction\",\"target\":\"http:\/\/www.cwop.org\/it\/?s={search_term_string}\",\"query-input\":\"required name=search_term_string\"}],\"inLanguage\":\"it-IT\"},{\"@type\":\"ImageObject\",\"@id\":\"http:\/\/www.cwop.org\/it\/#primaryimage\",\"inLanguage\":\"it-IT\",\"url\":\"http:\/\/www.cwop.org\/wp-content\/uploads\/2021\/12\/Jackpots.ch_.jpg\",\"width\":1000,\"height\":325},{\"@type\":\"WebPage\",\"@id\":\"http:\/\/www.cwop.org\/it\/#webpage\",\"url\":\"http:\/\/www.cwop.org\/it\/\",\"name\":\"Migliori Casin\\u00f2 online in Svizzera del 2026\",\"isPartOf\":{\"@id\":\"http:\/\/www.cwop.org\/it\/#website\"},\"primaryImageOfPage\":{\"@id\":\"http:\/\/www.cwop.org\/it\/#primaryimage\"},\"datePublished\":\"2021-12-02T13:25:12+00:00\",\"dateModified\":\"2023-07-07T10:08:38+00:00\",\"description\":\"I giocatori svizzeri alla ricerca di un`elenco dei migliori siti di gioco d'azzardo sono atterrati nel posto giusto! Abbiamo creato questa pagina per aiutare i residenti in Svizzera ad individuare i migliori siti di gioco d'azzardo online dove ottenere bonus generosi, accedere ad un`ampia selezione di giochi e vivere un`esperienza di gioco strabiliante!\",\"inLanguage\":\"it-IT\",\"potentialAction\":[{\"@type\":\"ReadAction\",\"target\":[\"http:\/\/www.cwop.org\/it\/\"]}]}]}<\/script>\n<!-- \/ Yoast SEO plugin. -->","_links":{"self":[{"href":"http:\/\/www.cwop.org\/it\/wp-json\/wp\/v2\/pages\/2295"}],"collection":[{"href":"http:\/\/www.cwop.org\/it\/wp-json\/wp\/v2\/pages"}],"about":[{"href":"http:\/\/www.cwop.org\/it\/wp-json\/wp\/v2\/types\/page"}],"author":[{"embeddable":true,"href":"http:\/\/www.cwop.org\/it\/wp-json\/wp\/v2\/users\/1"}],"replies":[{"embeddable":true,"href":"http:\/\/www.cwop.org\/it\/wp-json\/wp\/v2\/comments?post=2295"}],"version-history":[{"count":9,"href":"http:\/\/www.cwop.org\/it\/wp-json\/wp\/v2\/pages\/2295\/revisions"}],"predecessor-version":[{"id":2389,"href":"http:\/\/www.cwop.org\/it\/wp-json\/wp\/v2\/pages\/2295\/revisions\/2389"}],"wp:attachment":[{"href":"http:\/\/www.cwop.org\/it\/wp-json\/wp\/v2\/media?parent=2295"}],"curies":[{"name":"wp","href":"https:\/\/api.w.org\/{rel}","templated":true}]}}